{"id":487,"date":"2024-04-03T07:22:43","date_gmt":"2024-04-03T07:22:43","guid":{"rendered":"https:\/\/opex-immo.fr\/?page_id=487"},"modified":"2025-11-05T12:32:18","modified_gmt":"2025-11-05T10:32:18","slug":"\u0645\u0642\u062a\u0631\u062d","status":"publish","type":"page","link":"https:\/\/opex-immo.fr\/ar\/\u0645\u0642\u062a\u0631\u062d\/","title":{"rendered":"\u0627\u0644\u0642\u064a\u0645\u0629 \u0627\u0644\u0645\u0636\u0627\u0641\u0629"},"content":{"rendered":"<div data-elementor-type=\"wp-page\" data-elementor-id=\"487\" class=\"elementor elementor-487\" data-elementor-post-type=\"page\">\n\t\t\t\t<div class=\"elementor-element elementor-element-23c5b58 e-con-full   e-flex e-con e-parent\" data-id=\"23c5b58\" data-element_type=\"container\" data-e-type=\"container\">\n\t\t<div class=\"elementor-element elementor-element-1de6af1   e-flex e-con-boxed e-con e-child\" data-id=\"1de6af1\" data-element_type=\"container\" data-e-type=\"container\" data-settings=\"{&quot;background_background&quot;:&quot;classic&quot;}\">\n\t\t\t\t\t<div class=\"e-con-inner\">\n\t\t\t\t<div class=\"elementor-element elementor-element-aba7888 elementor-widget elementor-widget-heading\" data-id=\"aba7888\" data-element_type=\"widget\" data-e-type=\"widget\" data-widget_type=\"heading.default\">\n\t\t\t\t<div class=\"elementor-widget-container\">\n\t\t\t\t\t<h1 class=\"elementor-heading-title elementor-size-default\"><p>\u0648\u0643\u0644\u0627\u0621 \u0627\u0644\u0639\u0642\u0627\u0631\u0627\u062a<\/p>\n<\/h1>\t\t\t\t<\/div>\n\t\t\t\t<\/div>\n\t\t\t\t<div class=\"elementor-element elementor-element-190d58d elementor-widget__width-initial elementor-widget-widescreen__width-initial elementor-widget elementor-widget-text-editor\" data-id=\"190d58d\" data-element_type=\"widget\" data-e-type=\"widget\" data-widget_type=\"text-editor.default\">\n\t\t\t\t<div class=\"elementor-widget-container\">\n\t\t\t\t\t\t\t\t\t<p>\u0627\u0644\u0642\u064a\u0645\u0629 \u0627\u0644\u0645\u0636\u0627\u0641\u0629<\/p>\t\t\t\t\t\t\t\t<\/div>\n\t\t\t\t<\/div>\n\t\t\t\t<div class=\"elementor-element elementor-element-c53c84e elementor-widget__width-initial elementor-widget-mobile__width-inherit   elementor-widget-widescreen__width-initial elementor-widget elementor-widget-text-editor\" data-id=\"c53c84e\" data-element_type=\"widget\" data-e-type=\"widget\" data-widget_type=\"text-editor.default\">\n\t\t\t\t<div class=\"elementor-widget-container\">\n\t\t\t\t\t\t\t\t\t<p>\u0647\u0644 \u062a\u0631\u063a\u0628 \u0641\u064a \u0627\u0644\u062d\u0635\u0648\u0644 \u0639\u0644\u0649 \u0645\u0632\u064a\u062f \u0645\u0646 \u0627\u0644\u0645\u0639\u0644\u0648\u0645\u0627\u062a \u062d\u0648\u0644 \u062e\u062f\u0645\u0627\u062a\u0646\u0627\u060c \u0623\u0648 \u0647\u0644 \u062a\u0631\u063a\u0628 \u0641\u064a \u062a\u062d\u062f\u064a\u062f \u0645\u0648\u0639\u062f\u061f<\/p>\t\t\t\t\t\t\t\t<\/div>\n\t\t\t\t<\/div>\n\t\t\t\t\t<\/div>\n\t\t\t\t<\/div>\n\t\t\t\t<\/div>\n\t\t<div class=\"elementor-element elementor-element-1f19dac e-flex e-con-boxed e-con e-parent\" data-id=\"1f19dac\" data-element_type=\"container\" data-e-type=\"container\">\n\t\t\t\t\t<div class=\"e-con-inner\">\n\t\t\t\t<div class=\"elementor-element elementor-element-7a67ac1 elementor-widget elementor-widget-heading\" data-id=\"7a67ac1\" data-element_type=\"widget\" data-e-type=\"widget\" data-widget_type=\"heading.default\">\n\t\t\t\t<div class=\"elementor-widget-container\">\n\t\t\t\t\t<h2 class=\"elementor-heading-title elementor-size-default\">\u0627\u0644\u0648\u0643\u0644\u0627\u0621 \u0627\u0644\u0639\u0642\u0627\u0631\u064a\u0648\u0646<\/h2>\t\t\t\t<\/div>\n\t\t\t\t<\/div>\n\t\t\t\t<div class=\"elementor-element elementor-element-60c800d elementor-widget elementor-widget-text-editor\" data-id=\"60c800d\" data-element_type=\"widget\" data-e-type=\"widget\" data-widget_type=\"text-editor.default\">\n\t\t\t\t<div class=\"elementor-widget-container\">\n\t\t\t\t\t\t\t\t\t<p>OPEX IMMOBILIER est un d\u00e9partement sp\u00e9cialis\u00e9 du cabinet <a href=\"https:\/\/opex-avocats.fr\/\" target=\"_blank\" rel=\"noopener\">OPEX AVOCATS<\/a>, d\u00e9di\u00e9 \u00e0 l&rsquo;immobilier de luxe. Forts de plus de 20 ans d&rsquo;exp\u00e9rience en contentieux immobilier \u00e0 forts enjeux, nous mettons notre expertise et notre savoir-faire au service de nos clients pour les accompagner dans la recherche et l&rsquo;acquisition de biens d&rsquo;exception dans les Alpes, tout en assurant une s\u00e9curit\u00e9 juridique maximale.<\/p>\t\t\t\t\t\t\t\t<\/div>\n\t\t\t\t<\/div>\n\t\t\t\t\t<\/div>\n\t\t\t\t<\/div>\n\t\t<div class=\"elementor-element elementor-element-92191bf e-flex e-con-boxed e-con e-parent\" data-id=\"92191bf\" data-element_type=\"container\" data-e-type=\"container\">\n\t\t\t\t\t<div class=\"e-con-inner\">\n\t\t\t\t<div class=\"elementor-element elementor-element-90cdb5f elementor-flip-box--effect-fade animated-fast elementor-widget__width-initial elementor-invisible elementor-widget elementor-widget-flip-box\" data-id=\"90cdb5f\" data-element_type=\"widget\" data-e-type=\"widget\" data-settings=\"{&quot;_animation&quot;:&quot;zoomIn&quot;,&quot;_animation_delay&quot;:200,&quot;_animation_tablet&quot;:&quot;none&quot;}\" data-widget_type=\"flip-box.default\">\n\t\t\t\t<div class=\"elementor-widget-container\">\n\t\t\t\t\t\t\t<div class=\"elementor-flip-box\" tabindex=\"0\">\n\t\t\t<div class=\"elementor-flip-box__layer elementor-flip-box__front\">\n\t\t\t\t<div class=\"elementor-flip-box__layer__overlay\">\n\t\t\t\t\t<div class=\"elementor-flip-box__layer__inner\">\n\t\t\t\t\t\t\n\t\t\t\t\t\t\t\t\t\t\t\t\t<h3 class=\"elementor-flip-box__layer__title\">\n\t\t\t\t\t\t\t\t\u0645\u0627\u062c\u0633\u062a\u064a\u0631<br>\u063a\u064a\u0648\u0645 \u0647\u0627\u064a\u0646\u0631\u064a\u0634\t\t\t\t\t\t\t<\/h3>\n\t\t\t\t\t\t\n\t\t\t\t\t\t\t\t\t\t\t\t\t<div class=\"elementor-flip-box__layer__description\">\n\t\t\t\t\t\t\t\t\u0627\u0644\u0645\u062d\u0627\u0645\u064a \u0627\u0644\u0634\u0631\u064a\u0643\t\t\t\t\t\t\t<\/div>\n\t\t\t\t\t\t\t\t\t\t\t<\/div>\n\t\t\t\t<\/div>\n\t\t\t<\/div>\n\t\t\t<div class=\"elementor-flip-box__layer elementor-flip-box__back\">\n\t\t\t<div class=\"elementor-flip-box__layer__overlay\">\n\t\t\t\t<div class=\"elementor-flip-box__layer__inner\">\n\t\t\t\t\t\n\t\t\t\t\t\t\t\t\t\t\t<div class=\"elementor-flip-box__layer__description\">\n\t\t\t\t\t\t\t\u0648\u0647\u0648 \u0634\u0631\u064a\u0643 \u0648\u0634\u0631\u064a\u0643 \u0625\u062f\u0627\u0631\u064a\u060c \u0648\u0642\u062f \u0623\u062f\u0649 \u0627\u0644\u064a\u0645\u064a\u0646 \u0627\u0644\u0642\u0627\u0646\u0648\u0646\u064a\u0629 \u0641\u064a\n\u0642\u064f\u0628\u0644 \u0641\u064a \u0646\u0642\u0627\u0628\u0629 \u0627\u0644\u0645\u062d\u0627\u0645\u064a\u0646 \u0641\u064a \u0639\u0627\u0645 2004 \u0628\u0639\u062f \u0623\u0646 \u062f\u0631\u0633 \u0627\u0644\u0642\u0627\u0646\u0648\u0646 \u0627\u0644\u0639\u0627\u0645.\n\u0648\u0647\u0648 \u062d\u0627\u0635\u0644 \u0639\u0644\u0649 \u062f\u0628\u0644\u0648\u0645 \u0627\u0644\u062f\u0631\u0627\u0633\u0627\u062a \u0627\u0644\u0639\u0644\u064a\u0627 (DEA) \u0641\u064a \u0627\u0644\u0642\u0627\u0646\u0648\u0646 \u0627\u0644\u0639\u0627\u0645 \u0648\u062f\u0628\u0644\u0648\u0645 \u0627\u0644\u062f\u0631\u0627\u0633\u0627\u062a \u0627\u0644\u0639\u0644\u064a\u0627 (DESS) \u0641\u064a \u0627\u0644\u0645\u0634\u062a\u0631\u064a\u0627\u062a \u0627\u0644\u0639\u0627\u0645\u0629,\n\u0648\u062a\u0641\u0648\u064a\u0636 \u0627\u0644\u062e\u062f\u0645\u0629 \u0627\u0644\u0639\u0627\u0645\u0629 \u0648\u0642\u0627\u0646\u0648\u0646 \u0627\u0644\u0645\u0646\u0627\u0641\u0633\u0629.\t\t\t\t\t\t<\/div>\n\t\t\t\t\t\n\t\t\t\t\t\t\t\t<\/div>\n\t\t<\/div>\n\t\t<\/div>\n\t\t<\/div>\n\t\t\t\t\t\t<\/div>\n\t\t\t\t<\/div>\n\t\t\t\t\t<\/div>\n\t\t\t\t<\/div>\n\t\t<div class=\"elementor-element elementor-element-1f98df8 e-grid e-con-boxed e-con e-parent\" data-id=\"1f98df8\" data-element_type=\"container\" data-e-type=\"container\">\n\t\t\t\t\t<div class=\"e-con-inner\">\n\t\t\t\t<div class=\"elementor-element elementor-element-6e790d5 elementor-flip-box--effect-fade animated-fast elementor-hidden-widescreen elementor-hidden-desktop elementor-hidden-laptop elementor-hidden-tablet_extra elementor-hidden-tablet elementor-hidden-mobile_extra elementor-hidden-mobile elementor-invisible elementor-widget elementor-widget-flip-box\" data-id=\"6e790d5\" data-element_type=\"widget\" data-e-type=\"widget\" data-settings=\"{&quot;_animation&quot;:&quot;zoomIn&quot;,&quot;_animation_delay&quot;:400,&quot;_animation_tablet&quot;:&quot;none&quot;}\" data-widget_type=\"flip-box.default\">\n\t\t\t\t<div class=\"elementor-widget-container\">\n\t\t\t\t\t\t\t<div class=\"elementor-flip-box\" tabindex=\"0\">\n\t\t\t<div class=\"elementor-flip-box__layer elementor-flip-box__front\">\n\t\t\t\t<div class=\"elementor-flip-box__layer__overlay\">\n\t\t\t\t\t<div class=\"elementor-flip-box__layer__inner\">\n\t\t\t\t\t\t\n\t\t\t\t\t\t\t\t\t\t\t\t\t<h3 class=\"elementor-flip-box__layer__title\">\n\t\t\t\t\t\t\t\t\u0645\u0627\u062c\u0633\u062a\u064a\u0631<br>\u0641\u0646\u0633\u0646\u062a \u0628\u064a\u0631\u0644\u064a\u0648\t\t\t\t\t\t\t<\/h3>\n\t\t\t\t\t\t\n\t\t\t\t\t\t\t\t\t\t\t\t\t<div class=\"elementor-flip-box__layer__description\">\n\t\t\t\t\t\t\t\t\u0627\u0644\u0645\u062d\u0627\u0645\u064a \u0627\u0644\u0634\u0631\u064a\u0643\t\t\t\t\t\t\t<\/div>\n\t\t\t\t\t\t\t\t\t\t\t<\/div>\n\t\t\t\t<\/div>\n\t\t\t<\/div>\n\t\t\t<div class=\"elementor-flip-box__layer elementor-flip-box__back\">\n\t\t\t<div class=\"elementor-flip-box__layer__overlay\">\n\t\t\t\t<div class=\"elementor-flip-box__layer__inner\">\n\t\t\t\t\t\n\t\t\t\t\t\t\t\t\t\t\t<div class=\"elementor-flip-box__layer__description\">\n\t\t\t\t\t\t\t\u0623\u062f\u0649 \u0627\u0644\u064a\u0645\u064a\u0646 \u0641\u064a \u0639\u0627\u0645 2017 \u0628\u062e\u0644\u0641\u064a\u0629 \u0623\u0643\u0627\u062f\u064a\u0645\u064a\u0629 \u0641\u064a \u0627\u0644\u0642\u0627\u0646\u0648\u0646 \u0627\u0644\u062e\u0627\u0635 \u062d\u0635\u0631\u064a\u0627\u064b. \u062d\u0627\u0635\u0644 \u0639\u0644\u0649 \u0645\u0627\u062c\u0633\u062a\u064a\u0631 1 \u0641\u064a \u0627\u0644\u0642\u0627\u0646\u0648\u0646 \u0627\u0644\u062e\u0627\u0635 \u0627\u0644\u0623\u0633\u0627\u0633\u064a.\t\t\t\t\t\t<\/div>\n\t\t\t\t\t\n\t\t\t\t\t\t\t\t<\/div>\n\t\t<\/div>\n\t\t<\/div>\n\t\t<\/div>\n\t\t\t\t\t\t<\/div>\n\t\t\t\t<\/div>\n\t\t\t\t\t<\/div>\n\t\t\t\t<\/div>\n\t\t<div class=\"elementor-element elementor-element-9957bc1 e-flex e-con-boxed e-con e-parent\" data-id=\"9957bc1\" data-element_type=\"container\" data-e-type=\"container\">\n\t\t\t\t\t<div class=\"e-con-inner\">\n\t\t\t\t<div class=\"elementor-element elementor-element-14a6a3e elementor-widget elementor-widget-text-editor\" data-id=\"14a6a3e\" data-element_type=\"widget\" data-e-type=\"widget\" data-widget_type=\"text-editor.default\">\n\t\t\t\t<div class=\"elementor-widget-container\">\n\t\t\t\t\t\t\t\t\t<h2><b>\u0646\u0647\u062c \u0645\u062e\u0635\u0635 \u0648\u0622\u0645\u0646<\/b><\/h2>\n<p><b>\u0631\u0643\u0632 \u0623\u0646\u062a \u0639\u0644\u0649 \u0645\u0634\u0627\u0639\u0631\u0643\u060c \u0648\u0633\u0646\u0647\u062a\u0645 \u0646\u062d\u0646 \u0628\u0627\u0644\u0633\u0628\u0628.<\/b><\/p>\n<p><span style=\"font-weight: 400;\">\u0646\u0628\u062f\u0623 \u0643\u0644 \u0645\u0647\u0645\u0629 \u0628\u0645\u0642\u0627\u0628\u0644\u0629 \u0634\u062e\u0635\u064a\u0629 \u0645\u0639 \u0623\u062d\u062f \u0634\u0631\u0643\u0627\u0621 \u0627\u0644\u0634\u0631\u0643\u0629 \u0644\u0641\u0647\u0645 \u0627\u062d\u062a\u064a\u0627\u062c\u0627\u062a\u0643 \u0648\u062a\u0648\u0642\u0639\u0627\u062a\u0643. \u062b\u0645 \u0646\u0628\u062d\u062b \u0628\u0641\u0627\u0639\u0644\u064a\u0629 \u0639\u0646 \u0627\u0644\u0644\u0624\u0644\u0624\u0629 \u0627\u0644\u0646\u0627\u062f\u0631\u0629 \u0627\u0644\u062a\u064a \u062a\u0646\u0627\u0633\u0628\u0643. \u0628\u0639\u062f \u0625\u0639\u062f\u0627\u062f \u0642\u0627\u0626\u0645\u0629 \u0645\u062e\u062a\u0635\u0631\u0629 \u0628\u0627\u0644\u0639\u0642\u0627\u0631\u0627\u062a \u0627\u0644\u0645\u062d\u062a\u0645\u0644\u0629\u060c \u0646\u0642\u0648\u0645 \u0628\u0627\u0644\u0632\u064a\u0627\u0631\u0627\u062a \u0627\u0644\u0623\u0648\u0644\u0649 \u0644\u0644\u062a\u062d\u0642\u0642 \u0645\u0646 \u0623\u0646\u0647\u0627 \u062a\u0644\u0628\u064a \u0645\u0639\u0627\u064a\u064a\u0631\u0643. \u0644\u0627 \u0646\u0639\u0631\u0636 \u0639\u0644\u064a\u0643 \u0633\u0648\u0649 \u0627\u0644\u0639\u0642\u0627\u0631\u0627\u062a \u0630\u0627\u062a \u0627\u0644\u0627\u0647\u062a\u0645\u0627\u0645 \u0627\u0644\u062d\u0642\u064a\u0642\u064a.<\/span><\/p>\n<h2><b>\u0627\u0644\u062a\u0634\u062e\u064a\u0635 \u0627\u0644\u0642\u0627\u0646\u0648\u0646\u064a \u0627\u0644\u0645\u062a\u0639\u0645\u0642<\/b><\/h2>\n<p><span style=\"font-weight: 400;\">\u0644\u0643\u0644 \u0639\u0642\u0627\u0631 \u0646\u062e\u062a\u0627\u0631\u0647\u060c \u0646\u062c\u0631\u064a \u062a\u062d\u0644\u064a\u0644\u0627\u064b \u0642\u0627\u0646\u0648\u0646\u064a\u0627\u064b \u0643\u0627\u0645\u0644\u0627\u064b \u0644\u0643\u0644 \u0639\u0642\u0627\u0631 \u0646\u062e\u062a\u0627\u0631\u0647 \u0644\u0636\u0645\u0627\u0646 \u0623\u0646 \u064a\u0643\u0648\u0646 \u0627\u0633\u062a\u062b\u0645\u0627\u0631\u0643 \u0622\u0645\u0646\u0627\u064b \u0642\u062f\u0631 \u0627\u0644\u0625\u0645\u0643\u0627\u0646. \u062a\u0634\u0645\u0644 \u0641\u062d\u0648\u0635\u0627\u062a\u0646\u0627 \u0645\u0627 \u064a\u0644\u064a:<\/span><\/p>\n<ul>\n<li style=\"font-weight: 400;\" aria-level=\"1\"><b>\u0627\u0644\u0627\u0645\u062a\u062b\u0627\u0644 \u0644\u062a\u062e\u0637\u064a\u0637 \u0627\u0644\u0645\u062f\u0646<\/b><span style=\"font-weight: 400;\"> \u0627\u0644\u062a\u062d\u0642\u0642 \u0645\u0646 \u062a\u0635\u0627\u0631\u064a\u062d \u0627\u0644\u0628\u0646\u0627\u0621 \u0648\u0627\u0644\u0627\u0645\u062a\u062b\u0627\u0644.<\/span><\/li>\n<li style=\"font-weight: 400;\" aria-level=\"1\"><b>\u0627\u0644\u062a\u0645\u062f\u064a\u062f \u0627\u0644\u0645\u062d\u062a\u0645\u0644<\/b><span style=\"font-weight: 400;\"> \u062a\u0642\u064a\u064a\u0645 \u062e\u064a\u0627\u0631\u0627\u062a \u0627\u0644\u062a\u0648\u0633\u0639\u0629 \u0641\u064a \u0625\u0637\u0627\u0631 \u062e\u0637\u0629 \u0627\u0644\u062a\u0646\u0645\u064a\u0629 \u0627\u0644\u062d\u0636\u0631\u064a\u0629 \u0627\u0644\u0645\u062d\u0644\u064a\u0629.<\/span><\/li>\n<li style=\"font-weight: 400;\" aria-level=\"1\"><b>\u062e\u0637\u0629 \u0627\u0644\u0648\u0642\u0627\u064a\u0629 \u0645\u0646 \u0627\u0644\u0645\u062e\u0627\u0637\u0631 \u0627\u0644\u0637\u0628\u064a\u0639\u064a\u0629<\/b><span style=\"font-weight: 400;\"> \u062a\u062d\u0644\u064a\u0644 \u062a\u0635\u0646\u064a\u0641 \u0627\u0644\u0637\u0631\u0648\u062f.<\/span><\/li>\n<li style=\"font-weight: 400;\" aria-level=\"1\"><b>\u0627\u0644\u062a\u0623\u0645\u064a\u0646 \u0648\u0627\u0644\u0636\u0645\u0627\u0646\u0627\u062a<\/b><span style=\"font-weight: 400;\"> :: \u0627\u0644\u062a\u062d\u0642\u0642 \u0645\u0646 \u0634\u0647\u0627\u062f\u0627\u062a \u0627\u0644\u062a\u0623\u0645\u064a\u0646 \u0644\u0645\u062f\u0629 \u0639\u0634\u0631 \u0633\u0646\u0648\u0627\u062a \u0644\u0644\u0625\u0646\u0634\u0627\u0621\u0627\u062a \u0627\u0644\u062d\u062f\u064a\u062b\u0629 \u0648\u0628\u0648\u0627\u0644\u0635 \u0627\u0644\u062a\u0623\u0645\u064a\u0646 \u0644\u0644\u0645\u0642\u0627\u0648\u0644\u064a\u0646.<\/span><\/li>\n<li style=\"font-weight: 400;\" aria-level=\"1\"><b>\u0627\u0644\u0645\u0644\u0641\u0627\u062a \u0627\u0644\u0641\u0646\u064a\u0629<\/b><span style=\"font-weight: 400;\"> \u0627\u0644\u062a\u0623\u0643\u064a\u062f \u0639\u0644\u0649 \u0648\u062c\u0648\u062f \u0645\u0644\u0641 Dossier des Ouvrages Ex\u00e9cut\u00e9s (DOE) \u0648\u0645\u0644\u0641 \u0627\u0644\u062a\u062f\u062e\u0644\u0627\u062a \u0627\u0644\u0623\u0648\u0644\u064a\u0629 \u0639\u0644\u0649 \u0627\u0644\u0623\u0648\u0641\u0631\u0627\u062c (DIUOO).<\/span><\/li>\n<li style=\"font-weight: 400;\" aria-level=\"1\"><b>\u0623\u0635\u0644 \u0627\u0644\u0645\u0644\u0643\u064a\u0629<\/b><span style=\"font-weight: 400;\"> \u0641\u062d\u0635 \u0623\u064a \u0627\u0631\u062a\u0641\u0627\u0642\u0627\u062a\u060c \u0623\u0648 \u062a\u0639\u062f\u064a\u0627\u062a \u0623\u0648 \u062a\u0639\u062f\u064a\u0627\u062a.<\/span><\/li>\n<\/ul>\n<p><span style=\"font-weight: 400;\">\u062a\u064f\u0645\u0643\u0650\u0651\u0646\u0646\u0627 \u0647\u0630\u0647 \u0627\u0644\u0641\u062d\u0648\u0635\u0627\u062a \u0645\u0646 \u062a\u0642\u064a\u064a\u0645 \u0645\u062f\u0649 \u0645\u0644\u0627\u0621\u0645\u0629 \u0627\u0644\u0633\u0639\u0631 \u0627\u0644\u0645\u0637\u0644\u0648\u0628 \u0648\u0635\u064a\u0627\u063a\u0629 \u0628\u0646\u0648\u062f \u0633\u0644\u064a\u0645\u0629 \u0644\u0644\u0648\u0639\u062f \u0628\u0627\u0644\u0628\u064a\u0639. \u0633\u0646\u0643\u0648\u0646 \u0645\u0639\u0643 \u062d\u062a\u0649 \u062a\u0633\u0644\u064a\u0645 \u0627\u0644\u0645\u0641\u0627\u062a\u064a\u062d\u060c \u0648\u0646\u0636\u0645\u0646 \u0644\u0643 \u0627\u0644\u0633\u0631\u064a\u0629 \u0627\u0644\u062a\u0627\u0645\u0629 \u0628\u0641\u0636\u0644 \u0627\u0644\u0633\u0631\u064a\u0629 \u0627\u0644\u0645\u0647\u0646\u064a\u0629 \u0627\u0644\u062a\u064a \u0646\u062a\u0645\u062a\u0639 \u0628\u0647\u0627.<\/span><\/p>\n<h2><b>\u0627\u0644\u0642\u064a\u0645\u0629 \u0627\u0644\u0645\u0636\u0627\u0641\u0629<\/b><\/h2>\n<h3><b>\u0627\u0644\u0633\u0631\u064a\u0629 \u0627\u0644\u0645\u0647\u0646\u064a\u0629<\/b><\/h3>\n<p><span style=\"font-weight: 400;\">\u0643\u0645\u062d\u0627\u0645\u064a\u0646\u060c \u0646\u062d\u0646 \u0645\u0644\u062a\u0632\u0645\u0648\u0646 \u0628\u0627\u0644\u0633\u0631\u064a\u0629 \u0627\u0644\u0645\u0647\u0646\u064a\u0629 \u0627\u0644\u0635\u0627\u0631\u0645\u0629\u060c \u0648\u0627\u0644\u062a\u064a \u062a\u063a\u0637\u064a \u062c\u0645\u064a\u0639 \u0627\u0644\u0623\u0633\u0631\u0627\u0631 \u0648\u0627\u0644\u0645\u0639\u0644\u0648\u0645\u0627\u062a \u0627\u0644\u062a\u064a \u0646\u062a\u0644\u0642\u0627\u0647\u0627 \u0641\u064a \u0633\u064a\u0627\u0642 \u0639\u0645\u0644\u0646\u0627. \u0648\u0647\u0630\u0627 \u064a\u0636\u0645\u0646 \u0627\u0644\u0633\u0631\u064a\u0629 \u0627\u0644\u062a\u0627\u0645\u0629 \u0641\u064a\u0645\u0627 \u064a\u062a\u0639\u0644\u0642 \u0628\u0645\u0642\u062a\u0646\u064a\u0627\u062a\u0643 \u0627\u0644\u0639\u0642\u0627\u0631\u064a\u0629.<\/span><\/p>\n<h3><b>\u0627\u0644\u062a\u0642\u0646\u064a\u0629<\/b><\/h3>\n<p><span style=\"font-weight: 400;\">\u064a\u062a\u0623\u0644\u0641 \u0641\u0631\u064a\u0642\u0646\u0627 \u0645\u0646 \u0633\u062a\u0629 \u0645\u062d\u0627\u0645\u064a\u0646 \u0645\u062a\u062e\u0635\u0635\u064a\u0646 \u0641\u064a \u0645\u062c\u0627\u0644 \u0627\u0644\u0639\u0642\u0627\u0631\u0627\u062a (\u0627\u0644\u0645\u0628\u064a\u0639\u0627\u062a\u060c \u0648\u062a\u062e\u0637\u064a\u0637 \u0627\u0644\u0645\u062f\u0646\u060c \u0648\u0627\u0644\u0634\u0641\u0639\u0629 \u0627\u0644\u0645\u0633\u0628\u0642\u0629\u060c \u0648\u062d\u0642\u0648\u0642 \u0627\u0644\u0627\u0631\u062a\u0641\u0627\u0642\u060c \u0648\u0627\u0644\u0628\u0646\u0627\u0621\u060c \u0648\u0639\u0642\u0648\u062f \u0627\u0644\u0625\u064a\u062c\u0627\u0631\u060c \u0648\u0627\u0644\u062a\u0642\u0633\u064a\u0645\u0627\u062a \u0627\u0644\u0641\u0631\u0639\u064a\u0629\u060c \u0648\u0627\u0644\u0645\u0644\u0643\u064a\u0629 \u0627\u0644\u0645\u0634\u062a\u0631\u0643\u0629). \u062a\u0645\u0643\u0650\u0651\u0646\u0646\u0627 \u0647\u0630\u0647 \u0627\u0644\u062e\u0628\u0631\u0629 \u0645\u0646 \u0627\u0644\u062a\u062d\u0642\u0642 \u0645\u0646 \u062c\u0645\u064a\u0639 \u0627\u0644\u0639\u0646\u0627\u0635\u0631 \u0627\u0644\u0645\u0637\u0644\u0648\u0628\u0629 \u0644\u0635\u0641\u0642\u0629 \u0622\u0645\u0646\u0629.<\/span><\/p>\n<h3><b>\u0631\u064a\u062a\u0643\u0633 (\u0645\u0644\u0627\u062d\u0638\u0627\u062a)<\/b><\/h3>\n<p><span style=\"font-weight: 400;\">\u0628\u0641\u0636\u0644 \u062e\u0628\u0631\u062a\u0646\u0627 \u0627\u0644\u062a\u064a \u062a\u0645\u062a\u062f \u0625\u0644\u0649 20 \u0639\u0627\u0645\u0627\u064b \u0641\u064a \u0645\u062c\u0627\u0644 \u0627\u0644\u0639\u0642\u0627\u0631\u0627\u062a \u0648\u062a\u062e\u0637\u064a\u0637 \u0627\u0644\u0645\u062f\u0646 \u0648\u0639\u0642\u0648\u062f \u0627\u0644\u0623\u0634\u063a\u0627\u0644\u060c \u0641\u0642\u062f \u0637\u0648\u0651\u0631\u0646\u0627 \u0631\u0624\u064a\u0629 \u0639\u0627\u0644\u0645\u064a\u0629 \u0648\u0642\u062f\u0631\u0629 \u0639\u0644\u0649 \u062a\u0648\u0642\u0639 \u0627\u0644\u0645\u0639\u0648\u0642\u0627\u062a. \u064a\u062a\u0645\u062b\u0644 \u062f\u0648\u0631\u0646\u0627 \u0641\u064a \u0645\u0633\u0627\u0639\u062f\u062a\u0643 \u0641\u064a \u0627\u0644\u062a\u062e\u0637\u064a\u0637 \u0644\u0639\u0645\u0644\u064a\u0629 \u0627\u0644\u0634\u0631\u0627\u0621 \u0628\u0631\u0627\u062d\u0629 \u0628\u0627\u0644\u060c \u0645\u0646 \u062e\u0644\u0627\u0644 \u062a\u0648\u0644\u064a \u0645\u0633\u0624\u0648\u0644\u064a\u0629 \u062c\u0645\u064a\u0639 \u0627\u0644\u0625\u062c\u0631\u0627\u0621\u0627\u062a \u0627\u0644\u0645\u0639\u0642\u062f\u0629 \u0627\u0644\u062a\u064a \u064a\u0646\u0637\u0648\u064a \u0639\u0644\u064a\u0647\u0627 \u0627\u0644\u0623\u0645\u0631.<\/span><\/p>\n<h3><b>\u0627\u0644\u0645\u0633\u0627\u0639\u062f\u0629 \u0627\u0644\u0642\u0627\u0646\u0648\u0646\u064a\u0629 \u0644\u0645\u0627\u0644\u0643 \u0627\u0644\u0645\u0634\u0631\u0648\u0639<\/b><\/h3>\n<p><span style=\"font-weight: 400;\">\u0628\u0627\u0644\u0646\u0633\u0628\u0629 \u0644\u0645\u0634\u0627\u0631\u064a\u0639 \u0627\u0644\u062a\u062c\u062f\u064a\u062f \u0623\u0648 \u0627\u0644\u062a\u0648\u0633\u0639\u0629\u060c \u0646\u0642\u062f\u0645 \u0645\u0633\u0627\u0639\u062f\u0629 \u0642\u0627\u0646\u0648\u0646\u064a\u0629 \u0634\u0627\u0645\u0644\u0629 \u0644\u062a\u062c\u0646\u0628 \u0645\u062e\u0627\u0637\u0631 \u0627\u0644\u0639\u0642\u0648\u062f \u063a\u064a\u0631 \u0627\u0644\u0648\u0627\u0636\u062d\u0629 \u0648\u0627\u0644\u0627\u0644\u062a\u0632\u0627\u0645\u0627\u062a \u063a\u064a\u0631 \u0627\u0644\u062f\u0642\u064a\u0642\u0629. \u0646\u062d\u0646 \u0646\u062a\u062d\u0642\u0642 \u0645\u0646 \u0644\u0648\u0627\u0626\u062d \u0627\u0644\u062a\u062e\u0637\u064a\u0637 \u0627\u0644\u0645\u062d\u0644\u064a\u0629\u060c \u0648\u0646\u062d\u0644\u0644 \u0639\u0642\u0648\u062f \u0627\u0644\u0623\u0639\u0645\u0627\u0644 \u0648\u0628\u0648\u0627\u0644\u0635 \u0627\u0644\u062a\u0623\u0645\u064a\u0646\u060c \u0648\u0646\u062f\u064a\u0631 \u0627\u0644\u0645\u0637\u0627\u0644\u0628\u0627\u062a \u0623\u062b\u0646\u0627\u0621 \u0627\u0644\u0623\u0639\u0645\u0627\u0644 \u0648\u0628\u0639\u062f\u0647\u0627.<\/span><\/p>\n<h2><b>\u0644\u0645\u0627\u0630\u0627 \u062a\u062e\u062a\u0627\u0631 Opex Immobilier\u061f<\/b><\/h2>\n<p><span style=\"font-weight: 400;\">\u0639\u0646\u062f\u0645\u0627 \u062a\u0644\u062c\u0623 \u0625\u0644\u0649 \u0634\u0631\u0643\u0629 Opex Immobilier\u060c \u0641\u0625\u0646\u0643 \u062a\u0633\u062a\u0641\u064a\u062f \u0645\u0646 \u0627\u0644\u062e\u0628\u0631\u0629 \u0627\u0644\u0642\u0627\u0646\u0648\u0646\u064a\u0629 \u0644\u0634\u0631\u0643\u0629 \u0645\u062d\u0627\u0645\u0627\u0629 \u0645\u0639 \u0627\u0644\u062d\u0635\u0648\u0644 \u0639\u0644\u0649 \u0639\u0642\u0627\u0631\u0627\u062a \u0627\u0633\u062a\u062b\u0646\u0627\u0626\u064a\u0629 \u0628\u0623\u0645\u0627\u0646 \u0648\u0633\u0631\u064a\u0629 \u0644\u0627 \u0645\u062b\u064a\u0644 \u0644\u0647\u0627. \u0646\u062d\u0646 \u0646\u0648\u0641\u0631 \u0644\u0643 \u0631\u0627\u062d\u0629 \u0627\u0644\u0628\u0627\u0644 \u0645\u0646 \u062e\u0644\u0627\u0644 \u0625\u062f\u0627\u0631\u0629 \u0627\u0644\u062c\u0648\u0627\u0646\u0628 \u0627\u0644\u0641\u0646\u064a\u0629 \u0648\u0627\u0644\u0642\u0627\u0646\u0648\u0646\u064a\u0629 \u0644\u0639\u0645\u0644\u064a\u0629 \u0634\u0631\u0627\u0621 \u0639\u0642\u0627\u0631\u0643\u060c \u0645\u0645\u0627 \u064a\u062a\u064a\u062d \u0644\u0643 \u0627\u0644\u062a\u0631\u0643\u064a\u0632 \u0639\u0644\u0649 \u062a\u0637\u0644\u0639\u0627\u062a\u0643 \u0648\u0639\u0648\u0627\u0637\u0641\u0643.<\/span><\/p>\t\t\t\t\t\t\t\t<\/div>\n\t\t\t\t<\/div>\n\t\t\t\t\t<\/div>\n\t\t\t\t<\/div>\n\t\t\t\t<\/div>","protected":false},"excerpt":{"rendered":"<p>Notre Valeur Ajout\u00e9e Vous souhaitez avoir plus d&rsquo;informations concernant nos services, ou bien prendre un rendez-vous ? Avocats Mandataires en Transactions Immobili\u00e8res OPEX IMMOBILIER est un d\u00e9partement sp\u00e9cialis\u00e9 du cabinet OPEX AVOCATS, d\u00e9di\u00e9 \u00e0 l&rsquo;immobilier de luxe. Forts de plus de 20 ans d&rsquo;exp\u00e9rience en contentieux immobilier \u00e0 forts enjeux, nous mettons notre expertise et [&hellip;]<\/p>\n","protected":false},"author":1,"featured_media":0,"parent":0,"menu_order":0,"comment_status":"closed","ping_status":"closed","template":"","meta":{"_acf_changed":false,"footnotes":""},"class_list":["post-487","page","type-page","status-publish","hentry"],"acf":[],"_links":{"self":[{"href":"https:\/\/opex-immo.fr\/ar\/wp-json\/wp\/v2\/pages\/487","targetHints":{"allow":["GET"]}}],"collection":[{"href":"https:\/\/opex-immo.fr\/ar\/wp-json\/wp\/v2\/pages"}],"about":[{"href":"https:\/\/opex-immo.fr\/ar\/wp-json\/wp\/v2\/types\/page"}],"author":[{"embeddable":true,"href":"https:\/\/opex-immo.fr\/ar\/wp-json\/wp\/v2\/users\/1"}],"replies":[{"embeddable":true,"href":"https:\/\/opex-immo.fr\/ar\/wp-json\/wp\/v2\/comments?post=487"}],"version-history":[{"count":73,"href":"https:\/\/opex-immo.fr\/ar\/wp-json\/wp\/v2\/pages\/487\/revisions"}],"predecessor-version":[{"id":1117,"href":"https:\/\/opex-immo.fr\/ar\/wp-json\/wp\/v2\/pages\/487\/revisions\/1117"}],"wp:attachment":[{"href":"https:\/\/opex-immo.fr\/ar\/wp-json\/wp\/v2\/media?parent=487"}],"curies":[{"name":"wp","href":"https:\/\/api.w.org\/{rel}","templated":true}]}}