{"id":487,"date":"2024-04-03T07:22:43","date_gmt":"2024-04-03T07:22:43","guid":{"rendered":"https:\/\/opex-immo.fr\/?page_id=487"},"modified":"2025-11-05T12:32:18","modified_gmt":"2025-11-05T10:32:18","slug":"a-propos","status":"publish","type":"page","link":"https:\/\/opex-immo.fr\/en\/a-propos\/","title":{"rendered":"Our added value"},"content":{"rendered":"<div data-elementor-type=\"wp-page\" data-elementor-id=\"487\" class=\"elementor elementor-487\" data-elementor-post-type=\"page\">\n\t\t\t\t<div class=\"elementor-element elementor-element-23c5b58 e-con-full   e-flex e-con e-parent\" data-id=\"23c5b58\" data-element_type=\"container\" data-e-type=\"container\">\n\t\t<div class=\"elementor-element elementor-element-1de6af1   e-flex e-con-boxed e-con e-child\" data-id=\"1de6af1\" data-element_type=\"container\" data-e-type=\"container\" data-settings=\"{&quot;background_background&quot;:&quot;classic&quot;}\">\n\t\t\t\t\t<div class=\"e-con-inner\">\n\t\t\t\t<div class=\"elementor-element elementor-element-aba7888 elementor-widget elementor-widget-heading\" data-id=\"aba7888\" data-element_type=\"widget\" data-e-type=\"widget\" data-widget_type=\"heading.default\">\n\t\t\t\t<div class=\"elementor-widget-container\">\n\t\t\t\t\t<h1 class=\"elementor-heading-title elementor-size-default\"><p>Real Estate Agents \/ Lawyers<\/p>\n<\/h1>\t\t\t\t<\/div>\n\t\t\t\t<\/div>\n\t\t\t\t<div class=\"elementor-element elementor-element-190d58d elementor-widget__width-initial elementor-widget-widescreen__width-initial elementor-widget elementor-widget-text-editor\" data-id=\"190d58d\" data-element_type=\"widget\" data-e-type=\"widget\" data-widget_type=\"text-editor.default\">\n\t\t\t\t<div class=\"elementor-widget-container\">\n\t\t\t\t\t\t\t\t\t<p>Our added value<\/p>\t\t\t\t\t\t\t\t<\/div>\n\t\t\t\t<\/div>\n\t\t\t\t<div class=\"elementor-element elementor-element-c53c84e elementor-widget__width-initial elementor-widget-mobile__width-inherit   elementor-widget-widescreen__width-initial elementor-widget elementor-widget-text-editor\" data-id=\"c53c84e\" data-element_type=\"widget\" data-e-type=\"widget\" data-widget_type=\"text-editor.default\">\n\t\t\t\t<div class=\"elementor-widget-container\">\n\t\t\t\t\t\t\t\t\t<p>Would you like more information about our services, or would you like to make an appointment?<\/p>\t\t\t\t\t\t\t\t<\/div>\n\t\t\t\t<\/div>\n\t\t\t\t\t<\/div>\n\t\t\t\t<\/div>\n\t\t\t\t<\/div>\n\t\t<div class=\"elementor-element elementor-element-1f19dac e-flex e-con-boxed e-con e-parent\" data-id=\"1f19dac\" data-element_type=\"container\" data-e-type=\"container\">\n\t\t\t\t\t<div class=\"e-con-inner\">\n\t\t\t\t<div class=\"elementor-element elementor-element-7a67ac1 elementor-widget elementor-widget-heading\" data-id=\"7a67ac1\" data-element_type=\"widget\" data-e-type=\"widget\" data-widget_type=\"heading.default\">\n\t\t\t\t<div class=\"elementor-widget-container\">\n\t\t\t\t\t<h2 class=\"elementor-heading-title elementor-size-default\">Real Estate Agents \/ Lawyers<\/h2>\t\t\t\t<\/div>\n\t\t\t\t<\/div>\n\t\t\t\t<div class=\"elementor-element elementor-element-60c800d elementor-widget elementor-widget-text-editor\" data-id=\"60c800d\" data-element_type=\"widget\" data-e-type=\"widget\" data-widget_type=\"text-editor.default\">\n\t\t\t\t<div class=\"elementor-widget-container\">\n\t\t\t\t\t\t\t\t\t<p>OPEX IMMOBILIER est un d\u00e9partement sp\u00e9cialis\u00e9 du cabinet <a href=\"https:\/\/opex-avocats.fr\/\" target=\"_blank\" rel=\"noopener\">OPEX AVOCATS<\/a>, d\u00e9di\u00e9 \u00e0 l&rsquo;immobilier de luxe. Forts de plus de 20 ans d&rsquo;exp\u00e9rience en contentieux immobilier \u00e0 forts enjeux, nous mettons notre expertise et notre savoir-faire au service de nos clients pour les accompagner dans la recherche et l&rsquo;acquisition de biens d&rsquo;exception dans les Alpes, tout en assurant une s\u00e9curit\u00e9 juridique maximale.<\/p>\t\t\t\t\t\t\t\t<\/div>\n\t\t\t\t<\/div>\n\t\t\t\t\t<\/div>\n\t\t\t\t<\/div>\n\t\t<div class=\"elementor-element elementor-element-92191bf e-flex e-con-boxed e-con e-parent\" data-id=\"92191bf\" data-element_type=\"container\" data-e-type=\"container\">\n\t\t\t\t\t<div class=\"e-con-inner\">\n\t\t\t\t<div class=\"elementor-element elementor-element-90cdb5f elementor-flip-box--effect-fade animated-fast elementor-widget__width-initial elementor-invisible elementor-widget elementor-widget-flip-box\" data-id=\"90cdb5f\" data-element_type=\"widget\" data-e-type=\"widget\" data-settings=\"{&quot;_animation&quot;:&quot;zoomIn&quot;,&quot;_animation_delay&quot;:200,&quot;_animation_tablet&quot;:&quot;none&quot;}\" data-widget_type=\"flip-box.default\">\n\t\t\t\t<div class=\"elementor-widget-container\">\n\t\t\t\t\t\t\t<div class=\"elementor-flip-box\" tabindex=\"0\">\n\t\t\t<div class=\"elementor-flip-box__layer elementor-flip-box__front\">\n\t\t\t\t<div class=\"elementor-flip-box__layer__overlay\">\n\t\t\t\t\t<div class=\"elementor-flip-box__layer__inner\">\n\t\t\t\t\t\t\n\t\t\t\t\t\t\t\t\t\t\t\t\t<h3 class=\"elementor-flip-box__layer__title\">\n\t\t\t\t\t\t\t\tMaster<br>Guillaume HEINRICH\t\t\t\t\t\t\t<\/h3>\n\t\t\t\t\t\t\n\t\t\t\t\t\t\t\t\t\t\t\t\t<div class=\"elementor-flip-box__layer__description\">\n\t\t\t\t\t\t\t\tPartner lawyer\t\t\t\t\t\t\t<\/div>\n\t\t\t\t\t\t\t\t\t\t\t<\/div>\n\t\t\t\t<\/div>\n\t\t\t<\/div>\n\t\t\t<div class=\"elementor-flip-box__layer elementor-flip-box__back\">\n\t\t\t<div class=\"elementor-flip-box__layer__overlay\">\n\t\t\t\t<div class=\"elementor-flip-box__layer__inner\">\n\t\t\t\t\t\n\t\t\t\t\t\t\t\t\t\t\t<div class=\"elementor-flip-box__layer__description\">\n\t\t\t\t\t\t\tA partner and managing partner, he was sworn in in\nHe was admitted to the Bar in 2004 after studying public law.\nHe holds a postgraduate diploma (DEA) in public law and a postgraduate diploma (DESS) in public procurement,\npublic service delegation and competition law.\t\t\t\t\t\t<\/div>\n\t\t\t\t\t\n\t\t\t\t\t\t\t\t<\/div>\n\t\t<\/div>\n\t\t<\/div>\n\t\t<\/div>\n\t\t\t\t\t\t<\/div>\n\t\t\t\t<\/div>\n\t\t\t\t\t<\/div>\n\t\t\t\t<\/div>\n\t\t<div class=\"elementor-element elementor-element-1f98df8 e-grid e-con-boxed e-con e-parent\" data-id=\"1f98df8\" data-element_type=\"container\" data-e-type=\"container\">\n\t\t\t\t\t<div class=\"e-con-inner\">\n\t\t\t\t<div class=\"elementor-element elementor-element-6e790d5 elementor-flip-box--effect-fade animated-fast elementor-hidden-widescreen elementor-hidden-desktop elementor-hidden-laptop elementor-hidden-tablet_extra elementor-hidden-tablet elementor-hidden-mobile_extra elementor-hidden-mobile elementor-invisible elementor-widget elementor-widget-flip-box\" data-id=\"6e790d5\" data-element_type=\"widget\" data-e-type=\"widget\" data-settings=\"{&quot;_animation&quot;:&quot;zoomIn&quot;,&quot;_animation_delay&quot;:400,&quot;_animation_tablet&quot;:&quot;none&quot;}\" data-widget_type=\"flip-box.default\">\n\t\t\t\t<div class=\"elementor-widget-container\">\n\t\t\t\t\t\t\t<div class=\"elementor-flip-box\" tabindex=\"0\">\n\t\t\t<div class=\"elementor-flip-box__layer elementor-flip-box__front\">\n\t\t\t\t<div class=\"elementor-flip-box__layer__overlay\">\n\t\t\t\t\t<div class=\"elementor-flip-box__layer__inner\">\n\t\t\t\t\t\t\n\t\t\t\t\t\t\t\t\t\t\t\t\t<h3 class=\"elementor-flip-box__layer__title\">\n\t\t\t\t\t\t\t\tMaster<br>Vincent BERLIOUX\t\t\t\t\t\t\t<\/h3>\n\t\t\t\t\t\t\n\t\t\t\t\t\t\t\t\t\t\t\t\t<div class=\"elementor-flip-box__layer__description\">\n\t\t\t\t\t\t\t\tPartner lawyer\t\t\t\t\t\t\t<\/div>\n\t\t\t\t\t\t\t\t\t\t\t<\/div>\n\t\t\t\t<\/div>\n\t\t\t<\/div>\n\t\t\t<div class=\"elementor-flip-box__layer elementor-flip-box__back\">\n\t\t\t<div class=\"elementor-flip-box__layer__overlay\">\n\t\t\t\t<div class=\"elementor-flip-box__layer__inner\">\n\t\t\t\t\t\n\t\t\t\t\t\t\t\t\t\t\t<div class=\"elementor-flip-box__layer__description\">\n\t\t\t\t\t\t\tSworn in in 2017 with an academic background exclusively in private law. He holds a MASTER 1 in fundamental private law.\t\t\t\t\t\t<\/div>\n\t\t\t\t\t\n\t\t\t\t\t\t\t\t<\/div>\n\t\t<\/div>\n\t\t<\/div>\n\t\t<\/div>\n\t\t\t\t\t\t<\/div>\n\t\t\t\t<\/div>\n\t\t\t\t\t<\/div>\n\t\t\t\t<\/div>\n\t\t<div class=\"elementor-element elementor-element-9957bc1 e-flex e-con-boxed e-con e-parent\" data-id=\"9957bc1\" data-element_type=\"container\" data-e-type=\"container\">\n\t\t\t\t\t<div class=\"e-con-inner\">\n\t\t\t\t<div class=\"elementor-element elementor-element-14a6a3e elementor-widget elementor-widget-text-editor\" data-id=\"14a6a3e\" data-element_type=\"widget\" data-e-type=\"widget\" data-widget_type=\"text-editor.default\">\n\t\t\t\t<div class=\"elementor-widget-container\">\n\t\t\t\t\t\t\t\t\t<h2><b>A personalised, secure approach<\/b><\/h2>\n<p><b>You concentrate on your emotions, we'll take care of the reason.<\/b><\/p>\n<p><span style=\"font-weight: 400;\">We start each assignment with a personal interview with one of the firm's partners to understand your needs and expectations. We then actively seek out the rare pearl that suits you best. After drawing up a shortlist of potential properties, we carry out the first visits to check that they meet your criteria. Only properties of genuine interest are offered to you.<\/span><\/p>\n<h2><b>In-depth legal diagnosis<\/b><\/h2>\n<p><span style=\"font-weight: 400;\">For each property we select, we carry out a full legal analysis to ensure that your investment is as secure as possible. Our checks include :<\/span><\/p>\n<ul>\n<li style=\"font-weight: 400;\" aria-level=\"1\"><b>Town planning compliance<\/b><span style=\"font-weight: 400;\"> Checking building permits and compliance.<\/span><\/li>\n<li style=\"font-weight: 400;\" aria-level=\"1\"><b>Potential extension<\/b><span style=\"font-weight: 400;\"> Assessment of extension options under the local urban development plan.<\/span><\/li>\n<li style=\"font-weight: 400;\" aria-level=\"1\"><b>Natural risk prevention plan<\/b><span style=\"font-weight: 400;\"> Analysis of parcel classification.<\/span><\/li>\n<li style=\"font-weight: 400;\" aria-level=\"1\"><b>Insurance and guarantees<\/b><span style=\"font-weight: 400;\"> : Verification of ten-year insurance certificates for recent constructions and insurance policies for contractors.<\/span><\/li>\n<li style=\"font-weight: 400;\" aria-level=\"1\"><b>Technical files<\/b><span style=\"font-weight: 400;\"> Confirmation of the presence of the Dossier des Ouvrages Ex\u00e9cut\u00e9s (DOE) and the Dossier des Interventions Ult\u00e9rieures sur l'Ouvrage (DIUO).<\/span><\/li>\n<li style=\"font-weight: 400;\" aria-level=\"1\"><b>Origin of ownership<\/b><span style=\"font-weight: 400;\"> Examination of any easements, dismemberments and encroachments.<\/span><\/li>\n<\/ul>\n<p><span style=\"font-weight: 400;\">These checks enable us to assess the appropriateness of the asking price and to draft sound clauses for the promise to sell. We'll be with you right up to the handover of the keys, guaranteeing absolute discretion thanks to our professional secrecy.<\/span><\/p>\n<h2><b>Our added value<\/b><\/h2>\n<h3><b>Professional secrecy<\/b><\/h3>\n<p><span style=\"font-weight: 400;\">As lawyers, we are bound by strict professional secrecy, which covers all confidences and information received in the course of our work. This guarantees total discretion with regard to your property acquisitions.<\/span><\/p>\n<h3><b>Technical<\/b><\/h3>\n<p><span style=\"font-weight: 400;\">Our team comprises six lawyers specialising in real estate (sales, town planning, pre-emption, easements, construction, leases, subdivisions, co-ownership). This expertise enables us to check all the elements required for a secure transaction.<\/span><\/p>\n<h3><b>RETEX (Feedback)<\/b><\/h3>\n<p><span style=\"font-weight: 400;\">With 20 years' experience in real estate, town planning and works contracts, we have developed a global vision and an ability to anticipate bottlenecks. Our role is to help you plan your purchase with peace of mind, by taking charge of all the complex procedures involved.<\/span><\/p>\n<h3><b>Legal assistance to the project owner<\/b><\/h3>\n<p><span style=\"font-weight: 400;\">For renovation or extension projects, we offer comprehensive legal assistance to avoid the pitfalls of unclear contracts and imprecise commitments. We check local planning regulations, analyse works contracts and insurance policies, and manage claims during and after the works.<\/span><\/p>\n<h2><b>Why choose Opex Immobilier?<\/b><\/h2>\n<p><span style=\"font-weight: 400;\">When you turn to Opex Immobilier, you benefit from the legal expertise of a law firm while gaining access to exceptional properties with unrivalled security and discretion. We offer you peace of mind by managing the technical and legal aspects of your property purchase, allowing you to concentrate on your aspirations and emotions.<\/span><\/p>\t\t\t\t\t\t\t\t<\/div>\n\t\t\t\t<\/div>\n\t\t\t\t\t<\/div>\n\t\t\t\t<\/div>\n\t\t\t\t<\/div>","protected":false},"excerpt":{"rendered":"<p>Notre Valeur Ajout\u00e9e Vous souhaitez avoir plus d&rsquo;informations concernant nos services, ou bien prendre un rendez-vous ? Avocats Mandataires en Transactions Immobili\u00e8res OPEX IMMOBILIER est un d\u00e9partement sp\u00e9cialis\u00e9 du cabinet OPEX AVOCATS, d\u00e9di\u00e9 \u00e0 l&rsquo;immobilier de luxe. Forts de plus de 20 ans d&rsquo;exp\u00e9rience en contentieux immobilier \u00e0 forts enjeux, nous mettons notre expertise et [&hellip;]<\/p>\n","protected":false},"author":1,"featured_media":0,"parent":0,"menu_order":0,"comment_status":"closed","ping_status":"closed","template":"","meta":{"_acf_changed":false,"footnotes":""},"class_list":["post-487","page","type-page","status-publish","hentry"],"acf":[],"_links":{"self":[{"href":"https:\/\/opex-immo.fr\/en\/wp-json\/wp\/v2\/pages\/487","targetHints":{"allow":["GET"]}}],"collection":[{"href":"https:\/\/opex-immo.fr\/en\/wp-json\/wp\/v2\/pages"}],"about":[{"href":"https:\/\/opex-immo.fr\/en\/wp-json\/wp\/v2\/types\/page"}],"author":[{"embeddable":true,"href":"https:\/\/opex-immo.fr\/en\/wp-json\/wp\/v2\/users\/1"}],"replies":[{"embeddable":true,"href":"https:\/\/opex-immo.fr\/en\/wp-json\/wp\/v2\/comments?post=487"}],"version-history":[{"count":73,"href":"https:\/\/opex-immo.fr\/en\/wp-json\/wp\/v2\/pages\/487\/revisions"}],"predecessor-version":[{"id":1117,"href":"https:\/\/opex-immo.fr\/en\/wp-json\/wp\/v2\/pages\/487\/revisions\/1117"}],"wp:attachment":[{"href":"https:\/\/opex-immo.fr\/en\/wp-json\/wp\/v2\/media?parent=487"}],"curies":[{"name":"wp","href":"https:\/\/api.w.org\/{rel}","templated":true}]}}